{"id":4436,"date":"2024-02-07T11:22:30","date_gmt":"2024-02-07T09:22:30","guid":{"rendered":"https:\/\/www.inthemoodvenlo.nl\/datenschutzerklaerung\/"},"modified":"2026-04-29T09:54:16","modified_gmt":"2026-04-29T07:54:16","slug":"datenschutzerklaerung","status":"publish","type":"page","link":"https:\/\/www.inthemoodvenlo.nl\/de\/datenschutzerklaerung\/","title":{"rendered":"Datenschutzerkl\u00e4rung"},"content":{"rendered":"\t\t<div data-elementor-type=\"wp-page\" data-elementor-id=\"4436\" class=\"elementor elementor-4436 elementor-3057\" data-elementor-post-type=\"page\">\n\t\t\t\t\t\t<section class=\"elementor-section elementor-top-section elementor-element elementor-element-6a8925c elementor-section-height-min-height elementor-section-boxed elementor-section-height-default elementor-section-items-middle\" data-id=\"6a8925c\" data-element_type=\"section\" data-e-type=\"section\" data-settings=\"{&quot;jet_parallax_layout_list&quot;:[],&quot;background_background&quot;:&quot;classic&quot;}\">\n\t\t\t\t\t\t\t<div class=\"elementor-background-overlay\"><\/div>\n\t\t\t\t\t\t\t<div class=\"elementor-container elementor-column-gap-default\">\n\t\t\t\t\t<div class=\"elementor-column elementor-col-100 elementor-top-column elementor-element elementor-element-2cb12ea\" data-id=\"2cb12ea\" data-element_type=\"column\" data-e-type=\"column\">\n\t\t\t<div class=\"elementor-widget-wrap elementor-element-populated\">\n\t\t\t\t\t\t<div class=\"elementor-element elementor-element-b695c3e elementor-widget elementor-widget-heading\" data-id=\"b695c3e\" data-element_type=\"widget\" data-e-type=\"widget\" data-widget_type=\"heading.default\">\n\t\t\t\t<div class=\"elementor-widget-container\">\n\t\t\t\t\t<h1 class=\"elementor-heading-title elementor-size-default\">Datenschutzerkl\u00e4rung<\/h1>\t\t\t\t<\/div>\n\t\t\t\t<\/div>\n\t\t\t\t\t<\/div>\n\t\t<\/div>\n\t\t\t\t\t<\/div>\n\t\t<\/section>\n\t\t\t\t<section class=\"elementor-section elementor-top-section elementor-element elementor-element-ecb93a1 elementor-section-boxed elementor-section-height-default elementor-section-height-default\" data-id=\"ecb93a1\" data-element_type=\"section\" data-e-type=\"section\" data-settings=\"{&quot;jet_parallax_layout_list&quot;:[],&quot;background_background&quot;:&quot;classic&quot;}\">\n\t\t\t\t\t\t<div class=\"elementor-container elementor-column-gap-default\">\n\t\t\t\t\t<div class=\"elementor-column elementor-col-100 elementor-top-column elementor-element elementor-element-09b7247\" data-id=\"09b7247\" data-element_type=\"column\" data-e-type=\"column\">\n\t\t\t<div class=\"elementor-widget-wrap elementor-element-populated\">\n\t\t\t\t\t\t<div class=\"elementor-element elementor-element-8d711a5 elementor-widget elementor-widget-text-editor\" data-id=\"8d711a5\" data-element_type=\"widget\" data-e-type=\"widget\" data-widget_type=\"text-editor.default\">\n\t\t\t\t<div class=\"elementor-widget-container\">\n\t\t\t\t\t\t\t\t\t<p>in the mood, ans\u00e4ssig in der Jodenstraat 24, 5911 HK Venlo, ist f\u00fcr die Verarbeitung personenbezogener Daten gem\u00e4\u00df dieser Datenschutzerkl\u00e4rung verantwortlich.<\/p><p>Kontaktdaten:<\/p><p><blockquote class=\"wp-embedded-content\" data-secret=\"aJOygnofeF\"><a href=\"https:\/\/www.inthemoodvenlo.nl\/\">Home<\/a><\/blockquote><iframe class=\"wp-embedded-content\" sandbox=\"allow-scripts\" security=\"restricted\" style=\"position: absolute; visibility: hidden;\" title=\"&#8220;Home&#8221; &#8212; in the MOOD\" src=\"https:\/\/www.inthemoodvenlo.nl\/embed\/#?secret=7XjLzQNitO#?secret=aJOygnofeF\" data-secret=\"aJOygnofeF\" width=\"500\" height=\"282\" frameborder=\"0\" marginwidth=\"0\" marginheight=\"0\" scrolling=\"no\"><\/iframe><\/p><p>Jodenstraat 24, 5911 HK Venlo<\/p><p>077-3663111<\/p><p>Lisa Noppert ist die Datenschutzbeauftragte von in the mood. Sie ist \u00fcber info@inthemoodvenlo.nl erreichbar.<\/p><h2>Personenbezogene Daten, die wir verarbeiten<\/h2><p>in the mood verarbeitet deine personenbezogenen Daten, weil du unsere Dienste nutzt und\/oder weil du uns diese Daten selbst zur Verf\u00fcgung stellst. Nachfolgend findest du eine \u00dcbersicht \u00fcber die von uns verarbeiteten personenbezogenen Daten: <\/p><div class=\"option\">\u2013 Vor- und Nachname<\/div><div class=\"option\">\u2013 Geburtsdatum<\/div><div class=\"option\">\u2013 E-Mail-Adresse<\/div><div> <\/div><h2>Besondere und\/oder sensible personenbezogene Daten, die wir verarbeiten<\/h2><p>Unsere Website und\/oder unser Dienst beabsichtigt nicht, Daten \u00fcber Website-Besucher zu sammeln, die j\u00fcnger als 16 Jahre sind, es sei denn, sie haben die Erlaubnis der Eltern oder eines Erziehungsberechtigten. Wir k\u00f6nnen jedoch nicht \u00fcberpr\u00fcfen, ob ein Besucher \u00e4lter als 16 Jahre ist. Wir raten Eltern daher, sich an den Online-Aktivit\u00e4ten ihrer Kinder zu beteiligen, um zu verhindern, dass Daten \u00fcber Kinder ohne elterliche Zustimmung gesammelt werden. Wenn du davon \u00fcberzeugt bist, dass wir ohne diese Zustimmung personenbezogene Daten \u00fcber einen Minderj\u00e4hrigen gesammelt haben, kontaktiere uns bitte unter info@inthemoodvenlo.nl, dann werden wir diese Informationen l\u00f6schen.    <\/p><h2>Zu welchem Zweck und auf welcher Grundlage wir personenbezogene Daten verarbeiten<\/h2><p>in the mood verarbeitet deine personenbezogenen Daten zu folgenden Zwecken:<\/p><div class=\"option\">\u2013 Versand unseres Newsletters und\/oder Werbefolders<\/div><div class=\"option\">\u2013 Um dich anrufen oder dir eine E-Mail senden zu k\u00f6nnen, falls dies f\u00fcr die Erbringung unserer Dienstleistungen erforderlich ist<\/div><div> <\/div><h2>Weitergabe personenbezogener Daten an Dritte<\/h2><p>in the mood gibt Daten ausschlie\u00dflich an Dritte weiter, wenn dies f\u00fcr die Ausf\u00fchrung unseres Vertrags mit dir oder zur Erf\u00fcllung einer gesetzlichen Verpflichtung erforderlich ist.<\/p><h2>Cookies oder vergleichbare Techniken, die wir verwenden<\/h2><p>in the mood verwendet funktionale, analytische und Tracking-Cookies. Ein Cookie ist eine kleine Textdatei, die beim ersten Besuch dieser Website im Browser deines Computers, Tablets oder Smartphones gespeichert wird. in the mood verwendet Cookies mit einer rein technischen Funktionalit\u00e4t. Diese sorgen daf\u00fcr, dass die Website ordnungsgem\u00e4\u00df funktioniert und beispielsweise deine bevorzugten Einstellungen gespeichert werden. Diese Cookies werden auch verwendet, um die Website gut funktionieren zu lassen und sie optimieren zu k\u00f6nnen. Dar\u00fcber hinaus platzieren wir Cookies, die dein Surfverhalten verfolgen, damit wir ma\u00dfgeschneiderte Inhalte und Werbung anbieten k\u00f6nnen. Bei deinem ersten Besuch auf unserer Website haben wir dich bereits \u00fcber diese Cookies informiert und dich um Erlaubnis f\u00fcr deren Platzierung gebeten. Du kannst dich von Cookies abmelden, indem du deinen Internetbrowser so einstellst, dass er keine Cookies mehr speichert. Dar\u00fcber hinaus kannst du auch alle zuvor gespeicherten Informationen \u00fcber die Einstellungen deines Browsers l\u00f6schen. Eine Erl\u00e4uterung findest du unter: https:\/\/veiliginternetten.nl\/themes\/situatie\/cookies-wat-zijn-het-en-wat-doe-ik-ermee\/         <\/p><div class=\"option\">Auf dieser Website werden auch Cookies von Dritten platziert. Dies sind zum Beispiel Werbetreibende und\/oder Social-Media-Unternehmen.  <\/div><div> <\/div><h2>Daten einsehen, anpassen oder l\u00f6schen<\/h2><p>Du hast das Recht, deine personenbezogenen Daten einzusehen, zu korrigieren oder zu l\u00f6schen. Dar\u00fcber hinaus hast du das Recht, deine eventuelle Einwilligung zur Datenverarbeitung zu widerrufen oder der Verarbeitung deiner personenbezogenen Daten durch in the mood zu widersprechen, und du hast das Recht auf Daten\u00fcbertragbarkeit. Das bedeutet, dass du bei uns einen Antrag stellen kannst, die personenbezogenen Daten, die wir von dir haben, in einer Computerdatei an dich oder eine andere von dir benannte Organisation zu senden. Du kannst einen Antrag auf Einsicht, Korrektur, L\u00f6schung, Daten\u00fcbertragung deiner personenbezogenen Daten oder einen Antrag auf Widerruf deiner Einwilligung oder Widerspruch gegen die Verarbeitung deiner personenbezogenen Daten an info@inthemoodvenlo.nl senden. Um sicherzugehen, dass der Antrag auf Einsicht von dir gestellt wurde, bitten wir dich, eine Kopie deines Identit\u00e4tsnachweises mit dem Antrag zu senden. Schw\u00e4rze in dieser Kopie dein Passfoto, die MRZ (machine readable zone, der Streifen mit den Nummern am unteren Rand des Passes), die Passnummer und die B\u00fcrgerservicenummer (BSN). Dies dient zum Schutz deiner Privatsph\u00e4re. Wir reagieren so schnell wie m\u00f6glich, jedoch innerhalb von vier Wochen, auf deinen Antrag. in the mood m\u00f6chte dich zudem darauf hinweisen, dass du die M\u00f6glichkeit hast, eine Beschwerde bei der nationalen Aufsichtsbeh\u00f6rde, der Autoriteit Persoonsgegevens, einzureichen. Dies ist \u00fcber den folgenden Link m\u00f6glich: https:\/\/autoriteitpersoonsgegevens.nl\/nl\/contact-met-de-autoriteit-persoonsgegevens\/tip-ons         <\/p><h2>Wie wir personenbezogene Daten sch\u00fctzen<\/h2><p>in the mood nimmt den Schutz deiner Daten ernst und ergreift angemessene Ma\u00dfnahmen, um Missbrauch, Verlust, unbefugten Zugriff, unerw\u00fcnschte Offenlegung und unbefugte \u00c4nderung zu verhindern. Wenn du den Eindruck hast, dass deine Daten nicht gut gesichert sind oder es Anzeichen f\u00fcr Missbrauch gibt, wende dich bitte an unseren Kundenservice oder kontaktiere uns unter info@inthemoodvenlo.nl <\/p>\t\t\t\t\t\t\t\t<\/div>\n\t\t\t\t<\/div>\n\t\t\t\t\t<\/div>\n\t\t<\/div>\n\t\t\t\t\t<\/div>\n\t\t<\/section>\n\t\t\t\t<\/div>\n\t\t","protected":false},"excerpt":{"rendered":"<p>Datenschutzerkl\u00e4rung in the mood, ans\u00e4ssig in der Jodenstraat 24, 5911 HK Venlo, ist f\u00fcr die Verarbeitung personenbezogener Daten gem\u00e4\u00df dieser Datenschutzerkl\u00e4rung verantwortlich. Kontaktdaten: Home Jodenstraat 24, 5911 HK Venlo 077-3663111 Lisa Noppert ist die Datenschutzbeauftragte von in the mood. Sie ist \u00fcber info@inthemoodvenlo.nl erreichbar. Personenbezogene Daten, die wir verarbeiten in the mood verarbeitet deine personenbezogenen [&hellip;]<\/p>\n","protected":false},"author":1,"featured_media":0,"parent":0,"menu_order":0,"comment_status":"closed","ping_status":"closed","template":"","meta":{"site-sidebar-layout":"no-sidebar","site-content-layout":"page-builder","ast-site-content-layout":"full-width-container","site-content-style":"default","site-sidebar-style":"default","ast-global-header-display":"","ast-banner-title-visibility":"","ast-main-header-display":"","ast-hfb-above-header-display":"","ast-hfb-below-header-display":"","ast-hfb-mobile-header-display":"","site-post-title":"disabled","ast-breadcrumbs-content":"","ast-featured-img":"disabled","footer-sml-layout":"","ast-disable-related-posts":"","theme-transparent-header-meta":"","adv-header-id-meta":"","stick-header-meta":"","header-above-stick-meta":"","header-main-stick-meta":"","header-below-stick-meta":"","astra-migrate-meta-layouts":"default","ast-page-background-enabled":"default","ast-page-background-meta":{"desktop":{"background-color":"var(--ast-global-color-4)","background-image":"","background-repeat":"repeat","background-position":"center center","background-size":"auto","background-attachment":"scroll","background-type":"","background-media":"","overlay-type":"","overlay-color":"","overlay-opacity":"","overlay-gradient":""},"tablet":{"background-color":"","background-image":"","background-repeat":"repeat","background-position":"center center","background-size":"auto","background-attachment":"scroll","background-type":"","background-media":"","overlay-type":"","overlay-color":"","overlay-opacity":"","overlay-gradient":""},"mobile":{"background-color":"","background-image":"","background-repeat":"repeat","background-position":"center center","background-size":"auto","background-attachment":"scroll","background-type":"","background-media":"","overlay-type":"","overlay-color":"","overlay-opacity":"","overlay-gradient":""}},"ast-content-background-meta":{"desktop":{"background-color":"var(--ast-global-color-5)","background-image":"","background-repeat":"repeat","background-position":"center center","background-size":"auto","background-attachment":"scroll","background-type":"","background-media":"","overlay-type":"","overlay-color":"","overlay-opacity":"","overlay-gradient":""},"tablet":{"background-color":"var(--ast-global-color-5)","background-image":"","background-repeat":"repeat","background-position":"center center","background-size":"auto","background-attachment":"scroll","background-type":"","background-media":"","overlay-type":"","overlay-color":"","overlay-opacity":"","overlay-gradient":""},"mobile":{"background-color":"var(--ast-global-color-5)","background-image":"","background-repeat":"repeat","background-position":"center center","background-size":"auto","background-attachment":"scroll","background-type":"","background-media":"","overlay-type":"","overlay-color":"","overlay-opacity":"","overlay-gradient":""}},"footnotes":""},"class_list":["post-4436","page","type-page","status-publish","hentry"],"yoast_head":"<!-- This site is optimized with the Yoast SEO plugin v27.5 - https:\/\/yoast.com\/product\/yoast-seo-wordpress\/ -->\n<title>Datenschutzerkl\u00e4rung - in the MOOD<\/title>\n<meta name=\"robots\" content=\"index, follow, max-snippet:-1, max-image-preview:large, max-video-preview:-1\" \/>\n<link rel=\"canonical\" href=\"https:\/\/www.inthemoodvenlo.nl\/de\/datenschutzerklaerung\/\" \/>\n<meta property=\"og:locale\" content=\"de_DE\" \/>\n<meta property=\"og:type\" content=\"article\" \/>\n<meta property=\"og:title\" content=\"Datenschutzerkl\u00e4rung - in the MOOD\" \/>\n<meta property=\"og:description\" content=\"Datenschutzerkl\u00e4rung in the mood, ans\u00e4ssig in der Jodenstraat 24, 5911 HK Venlo, ist f\u00fcr die Verarbeitung personenbezogener Daten gem\u00e4\u00df dieser Datenschutzerkl\u00e4rung verantwortlich. Kontaktdaten: Home Jodenstraat 24, 5911 HK Venlo 077-3663111 Lisa Noppert ist die Datenschutzbeauftragte von in the mood. Sie ist \u00fcber info@inthemoodvenlo.nl erreichbar. Personenbezogene Daten, die wir verarbeiten in the mood verarbeitet deine personenbezogenen [&hellip;]\" \/>\n<meta property=\"og:url\" content=\"https:\/\/www.inthemoodvenlo.nl\/de\/datenschutzerklaerung\/\" \/>\n<meta property=\"og:site_name\" content=\"in the MOOD\" \/>\n<meta property=\"article:modified_time\" content=\"2026-04-29T07:54:16+00:00\" \/>\n<meta name=\"twitter:card\" content=\"summary_large_image\" \/>\n<meta name=\"twitter:label1\" content=\"Gesch\u00e4tzte Lesezeit\" \/>\n\t<meta name=\"twitter:data1\" content=\"4\u00a0Minuten\" \/>\n<script type=\"application\/ld+json\" class=\"yoast-schema-graph\">{\"@context\":\"https:\\\/\\\/schema.org\",\"@graph\":[{\"@type\":\"WebPage\",\"@id\":\"https:\\\/\\\/www.inthemoodvenlo.nl\\\/de\\\/datenschutzerklaerung\\\/\",\"url\":\"https:\\\/\\\/www.inthemoodvenlo.nl\\\/de\\\/datenschutzerklaerung\\\/\",\"name\":\"Datenschutzerkl\u00e4rung - in the MOOD\",\"isPartOf\":{\"@id\":\"https:\\\/\\\/www.inthemoodvenlo.nl\\\/de\\\/#website\"},\"datePublished\":\"2024-02-07T09:22:30+00:00\",\"dateModified\":\"2026-04-29T07:54:16+00:00\",\"breadcrumb\":{\"@id\":\"https:\\\/\\\/www.inthemoodvenlo.nl\\\/de\\\/datenschutzerklaerung\\\/#breadcrumb\"},\"inLanguage\":\"de\",\"potentialAction\":[{\"@type\":\"ReadAction\",\"target\":[\"https:\\\/\\\/www.inthemoodvenlo.nl\\\/de\\\/datenschutzerklaerung\\\/\"]}]},{\"@type\":\"BreadcrumbList\",\"@id\":\"https:\\\/\\\/www.inthemoodvenlo.nl\\\/de\\\/datenschutzerklaerung\\\/#breadcrumb\",\"itemListElement\":[{\"@type\":\"ListItem\",\"position\":1,\"name\":\"Startseite\",\"item\":\"https:\\\/\\\/www.inthemoodvenlo.nl\\\/de\\\/home\\\/\"},{\"@type\":\"ListItem\",\"position\":2,\"name\":\"Datenschutzerkl\u00e4rung\"}]},{\"@type\":\"WebSite\",\"@id\":\"https:\\\/\\\/www.inthemoodvenlo.nl\\\/de\\\/#website\",\"url\":\"https:\\\/\\\/www.inthemoodvenlo.nl\\\/de\\\/\",\"name\":\"in the MOOD\",\"description\":\"Lifestyle Boutique\",\"potentialAction\":[{\"@type\":\"SearchAction\",\"target\":{\"@type\":\"EntryPoint\",\"urlTemplate\":\"https:\\\/\\\/www.inthemoodvenlo.nl\\\/de\\\/?s={search_term_string}\"},\"query-input\":{\"@type\":\"PropertyValueSpecification\",\"valueRequired\":true,\"valueName\":\"search_term_string\"}}],\"inLanguage\":\"de\"}]}<\/script>\n<!-- \/ Yoast SEO plugin. -->","yoast_head_json":{"title":"Datenschutzerkl\u00e4rung - in the MOOD","robots":{"index":"index","follow":"follow","max-snippet":"max-snippet:-1","max-image-preview":"max-image-preview:large","max-video-preview":"max-video-preview:-1"},"canonical":"https:\/\/www.inthemoodvenlo.nl\/de\/datenschutzerklaerung\/","og_locale":"de_DE","og_type":"article","og_title":"Datenschutzerkl\u00e4rung - in the MOOD","og_description":"Datenschutzerkl\u00e4rung in the mood, ans\u00e4ssig in der Jodenstraat 24, 5911 HK Venlo, ist f\u00fcr die Verarbeitung personenbezogener Daten gem\u00e4\u00df dieser Datenschutzerkl\u00e4rung verantwortlich. Kontaktdaten: Home Jodenstraat 24, 5911 HK Venlo 077-3663111 Lisa Noppert ist die Datenschutzbeauftragte von in the mood. Sie ist \u00fcber info@inthemoodvenlo.nl erreichbar. Personenbezogene Daten, die wir verarbeiten in the mood verarbeitet deine personenbezogenen [&hellip;]","og_url":"https:\/\/www.inthemoodvenlo.nl\/de\/datenschutzerklaerung\/","og_site_name":"in the MOOD","article_modified_time":"2026-04-29T07:54:16+00:00","twitter_card":"summary_large_image","twitter_misc":{"Gesch\u00e4tzte Lesezeit":"4\u00a0Minuten"},"schema":{"@context":"https:\/\/schema.org","@graph":[{"@type":"WebPage","@id":"https:\/\/www.inthemoodvenlo.nl\/de\/datenschutzerklaerung\/","url":"https:\/\/www.inthemoodvenlo.nl\/de\/datenschutzerklaerung\/","name":"Datenschutzerkl\u00e4rung - in the MOOD","isPartOf":{"@id":"https:\/\/www.inthemoodvenlo.nl\/de\/#website"},"datePublished":"2024-02-07T09:22:30+00:00","dateModified":"2026-04-29T07:54:16+00:00","breadcrumb":{"@id":"https:\/\/www.inthemoodvenlo.nl\/de\/datenschutzerklaerung\/#breadcrumb"},"inLanguage":"de","potentialAction":[{"@type":"ReadAction","target":["https:\/\/www.inthemoodvenlo.nl\/de\/datenschutzerklaerung\/"]}]},{"@type":"BreadcrumbList","@id":"https:\/\/www.inthemoodvenlo.nl\/de\/datenschutzerklaerung\/#breadcrumb","itemListElement":[{"@type":"ListItem","position":1,"name":"Startseite","item":"https:\/\/www.inthemoodvenlo.nl\/de\/home\/"},{"@type":"ListItem","position":2,"name":"Datenschutzerkl\u00e4rung"}]},{"@type":"WebSite","@id":"https:\/\/www.inthemoodvenlo.nl\/de\/#website","url":"https:\/\/www.inthemoodvenlo.nl\/de\/","name":"in the MOOD","description":"Lifestyle Boutique","potentialAction":[{"@type":"SearchAction","target":{"@type":"EntryPoint","urlTemplate":"https:\/\/www.inthemoodvenlo.nl\/de\/?s={search_term_string}"},"query-input":{"@type":"PropertyValueSpecification","valueRequired":true,"valueName":"search_term_string"}}],"inLanguage":"de"}]}},"_links":{"self":[{"href":"https:\/\/www.inthemoodvenlo.nl\/de\/wp-json\/wp\/v2\/pages\/4436","targetHints":{"allow":["GET"]}}],"collection":[{"href":"https:\/\/www.inthemoodvenlo.nl\/de\/wp-json\/wp\/v2\/pages"}],"about":[{"href":"https:\/\/www.inthemoodvenlo.nl\/de\/wp-json\/wp\/v2\/types\/page"}],"author":[{"embeddable":true,"href":"https:\/\/www.inthemoodvenlo.nl\/de\/wp-json\/wp\/v2\/users\/1"}],"replies":[{"embeddable":true,"href":"https:\/\/www.inthemoodvenlo.nl\/de\/wp-json\/wp\/v2\/comments?post=4436"}],"version-history":[{"count":1,"href":"https:\/\/www.inthemoodvenlo.nl\/de\/wp-json\/wp\/v2\/pages\/4436\/revisions"}],"predecessor-version":[{"id":4437,"href":"https:\/\/www.inthemoodvenlo.nl\/de\/wp-json\/wp\/v2\/pages\/4436\/revisions\/4437"}],"wp:attachment":[{"href":"https:\/\/www.inthemoodvenlo.nl\/de\/wp-json\/wp\/v2\/media?parent=4436"}],"curies":[{"name":"wp","href":"https:\/\/api.w.org\/{rel}","templated":true}]}}